{"id":540,"date":"2025-07-22T09:28:17","date_gmt":"2025-07-22T09:28:17","guid":{"rendered":"https:\/\/dtg-industries.de\/home\/"},"modified":"2025-09-17T20:11:09","modified_gmt":"2025-09-17T20:11:09","slug":"home","status":"publish","type":"page","link":"http:\/\/dtg-industries.de\/en\/","title":{"rendered":"Home"},"content":{"rendered":"<div data-elementor-type=\"wp-page\" data-elementor-id=\"540\" class=\"elementor elementor-540\">\n\t\t\t\t<div class=\"elementor-element elementor-element-f4b57ec e-flex e-con-boxed e-con e-parent\" data-id=\"f4b57ec\" data-element_type=\"container\" data-e-type=\"container\">\n\t\t\t\t\t<div class=\"e-con-inner\">\n\t\t\t\t<div class=\"elementor-element elementor-element-651bd0d elementor-widget elementor-widget-image\" data-id=\"651bd0d\" data-element_type=\"widget\" data-e-type=\"widget\" data-widget_type=\"image.default\">\n\t\t\t\t<div class=\"elementor-widget-container\">\n\t\t\t\t\t\t\t\t\t\t\t\t\t\t\t<img fetchpriority=\"high\" decoding=\"async\" width=\"1024\" height=\"118\" src=\"https:\/\/dtg-industries.de\/wp-content\/uploads\/2025\/09\/022_Logo_Horizontal_Neg_Mittel_rgb_Industries_2000-1024x118.jpg\" class=\"attachment-large size-large wp-image-1491\" alt=\"022 logo horizontal neg mittel rgb industries 2000\" srcset=\"https:\/\/dtg-industries.de\/wp-content\/uploads\/2025\/09\/022_Logo_Horizontal_Neg_Mittel_rgb_Industries_2000-1024x118.jpg 1024w, https:\/\/dtg-industries.de\/wp-content\/uploads\/2025\/09\/022_Logo_Horizontal_Neg_Mittel_rgb_Industries_2000-300x35.jpg 300w, https:\/\/dtg-industries.de\/wp-content\/uploads\/2025\/09\/022_Logo_Horizontal_Neg_Mittel_rgb_Industries_2000-768x88.jpg 768w, https:\/\/dtg-industries.de\/wp-content\/uploads\/2025\/09\/022_Logo_Horizontal_Neg_Mittel_rgb_Industries_2000-1536x177.jpg 1536w, https:\/\/dtg-industries.de\/wp-content\/uploads\/2025\/09\/022_Logo_Horizontal_Neg_Mittel_rgb_Industries_2000-18x2.jpg 18w, https:\/\/dtg-industries.de\/wp-content\/uploads\/2025\/09\/022_Logo_Horizontal_Neg_Mittel_rgb_Industries_2000.jpg 2000w\" sizes=\"(max-width: 1024px) 100vw, 1024px\" title=\"Home\">\t\t\t\t\t\t\t\t\t\t\t\t\t\t\t<\/div>\n\t\t\t\t<\/div>\n\t\t\t\t\t<\/div>\n\t\t\t\t<\/div>\n\t\t<div class=\"elementor-element elementor-element-2cb5f4f e-flex e-con-boxed e-con e-parent\" data-id=\"2cb5f4f\" data-element_type=\"container\" data-e-type=\"container\" data-settings=\"{&quot;background_background&quot;:&quot;classic&quot;}\">\n\t\t\t\t\t<div class=\"e-con-inner\">\n\t\t<div class=\"elementor-element elementor-element-fe6a729 e-con-full e-flex e-con e-child\" data-id=\"fe6a729\" data-element_type=\"container\" data-e-type=\"container\">\n\t\t\t\t<div class=\"elementor-element elementor-element-de48581 elementor-widget elementor-widget-heading\" data-id=\"de48581\" data-element_type=\"widget\" data-e-type=\"widget\" data-widget_type=\"heading.default\">\n\t\t\t\t<div class=\"elementor-widget-container\">\n\t\t\t\t\t<h1 class=\"elementor-heading-title elementor-size-default\">Your partner for complex metal assemblies<\/h1>\t\t\t\t<\/div>\n\t\t\t\t<\/div>\n\t\t\t\t<div class=\"elementor-element elementor-element-7ba1da6 elementor-align-center elementor-widget elementor-widget-button\" data-id=\"7ba1da6\" data-element_type=\"widget\" data-e-type=\"widget\" data-widget_type=\"button.default\">\n\t\t\t\t<div class=\"elementor-widget-container\">\n\t\t\t\t\t\t\t\t\t<div class=\"elementor-button-wrapper\">\n\t\t\t\t\t<a class=\"elementor-button elementor-button-link elementor-size-sm\" href=\"https:\/\/dtg-industries.de\/en\/kontakt\/\">\n\t\t\t\t\t\t<span class=\"elementor-button-content-wrapper\">\n\t\t\t\t\t\t\t\t\t<span class=\"elementor-button-text\">contact<\/span>\n\t\t\t\t\t<\/span>\n\t\t\t\t\t<\/a>\n\t\t\t\t<\/div>\n\t\t\t\t\t\t\t\t<\/div>\n\t\t\t\t<\/div>\n\t\t\t\t<\/div>\n\t\t\t\t\t<\/div>\n\t\t\t\t<\/div>\n\t\t<div class=\"elementor-element elementor-element-a777f48 e-flex e-con-boxed e-con e-parent\" data-id=\"a777f48\" data-element_type=\"container\" data-e-type=\"container\" data-settings=\"{&quot;background_background&quot;:&quot;classic&quot;}\">\n\t\t\t\t\t<div class=\"e-con-inner\">\n\t\t<div class=\"elementor-element elementor-element-437ea03 e-con-full e-flex e-con e-child\" data-id=\"437ea03\" data-element_type=\"container\" data-e-type=\"container\" data-settings=\"{&quot;background_background&quot;:&quot;classic&quot;}\">\n\t\t\t\t<div class=\"elementor-element elementor-element-c2eefd3 elementor-widget__width-initial elementor-absolute elementor-widget elementor-widget-testimonial\" data-id=\"c2eefd3\" data-element_type=\"widget\" data-e-type=\"widget\" data-settings=\"{&quot;_position&quot;:&quot;absolute&quot;}\" data-widget_type=\"testimonial.default\">\n\t\t\t\t<div class=\"elementor-widget-container\">\n\t\t\t\t\t\t\t<div class=\"elementor-testimonial-wrapper\">\n\t\t\t\t\t\t\t<div class=\"elementor-testimonial-content\">Welcome to DTG Industries \u2013 your partner for customized metal solutions. As a specialized group of companies, we develop and manufacture sophisticated metal assemblies precisely according to customer specifications. In addition to state-of-the-art metalworking, professional surface finishing is a central component of our service portfolio. Get to know us!<\/div>\n\t\t\t\n\t\t\t\t\t<\/div>\n\t\t\t\t\t\t<\/div>\n\t\t\t\t<\/div>\n\t\t\t\t<\/div>\n\t\t\t\t\t<\/div>\n\t\t\t\t<\/div>\n\t\t<div class=\"elementor-element elementor-element-556ef17 e-flex e-con-boxed e-con e-parent\" data-id=\"556ef17\" data-element_type=\"container\" data-e-type=\"container\">\n\t\t\t\t\t<div class=\"e-con-inner\">\n\t\t<div class=\"elementor-element elementor-element-40552d9 e-con-full e-flex e-con e-child\" data-id=\"40552d9\" data-element_type=\"container\" data-e-type=\"container\">\n\t\t\t\t<div class=\"elementor-element elementor-element-2fa8427 elementor-widget elementor-widget-heading\" data-id=\"2fa8427\" data-element_type=\"widget\" data-e-type=\"widget\" data-widget_type=\"heading.default\">\n\t\t\t\t<div class=\"elementor-widget-container\">\n\t\t\t\t\t<h2 class=\"elementor-heading-title elementor-size-default\">Our Companies - Our Brands<\/h2>\t\t\t\t<\/div>\n\t\t\t\t<\/div>\n\t\t<div class=\"elementor-element elementor-element-0e50bf9 e-con-full e-flex e-con e-child\" data-id=\"0e50bf9\" data-element_type=\"container\" data-e-type=\"container\">\n\t\t<div class=\"elementor-element elementor-element-b2acd4a e-con-full e-flex e-con e-child\" data-id=\"b2acd4a\" data-element_type=\"container\" data-e-type=\"container\">\n\t\t\t\t<div class=\"elementor-element elementor-element-5818b3c elementor-widget elementor-widget-image\" data-id=\"5818b3c\" data-element_type=\"widget\" data-e-type=\"widget\" data-widget_type=\"image.default\">\n\t\t\t\t<div class=\"elementor-widget-container\">\n\t\t\t\t\t\t\t\t\t\t\t\t\t\t\t<img decoding=\"async\" width=\"1000\" height=\"552\" src=\"https:\/\/dtg-industries.de\/wp-content\/uploads\/2025\/09\/011_Logo_Standard_rgb_Metalltechnik_1000.jpg\" class=\"attachment-full size-full wp-image-1436\" alt=\"011 logo standard rgb metalltechnik 1000\" srcset=\"https:\/\/dtg-industries.de\/wp-content\/uploads\/2025\/09\/011_Logo_Standard_rgb_Metalltechnik_1000.jpg 1000w, https:\/\/dtg-industries.de\/wp-content\/uploads\/2025\/09\/011_Logo_Standard_rgb_Metalltechnik_1000-300x166.jpg 300w, https:\/\/dtg-industries.de\/wp-content\/uploads\/2025\/09\/011_Logo_Standard_rgb_Metalltechnik_1000-768x424.jpg 768w, https:\/\/dtg-industries.de\/wp-content\/uploads\/2025\/09\/011_Logo_Standard_rgb_Metalltechnik_1000-18x10.jpg 18w\" sizes=\"(max-width: 1000px) 100vw, 1000px\" title=\"Home\">\t\t\t\t\t\t\t\t\t\t\t\t\t\t\t<\/div>\n\t\t\t\t<\/div>\n\t\t\t\t<div class=\"elementor-element elementor-element-2542ba1 elementor-widget elementor-widget-hfe-infocard\" data-id=\"2542ba1\" data-element_type=\"widget\" data-e-type=\"widget\" data-widget_type=\"hfe-infocard.default\">\n\t\t\t\t<div class=\"elementor-widget-container\">\n\t\t\t\t\t\n\t\t<div class=\"hfe-infocard\">\n\t\t\t\t\t\t\t\t\t<div class=\"hfe-infocard-title-wrap\">\n\t\t\t\t<h5 class=\"hfe-infocard-title elementor-inline-editing\" data-elementor-setting-key=\"infocard_title\" data-elementor-inline-editing-toolbar=\"basic\" >DTG Metal Technology by ROBERT SCHULZ<\/h5>\t\t\t<\/div>\n\t\t\t\t\t\t<div class=\"hfe-infocard-text-wrap\">\n\t\t\t\t<div class=\"hfe-infocard-text elementor-inline-editing\" data-elementor-setting-key=\"infocard_description\" data-elementor-inline-editing-toolbar=\"advanced\">\n\t\t\t\t\tMetal is our passion \u2013 and our craft. From sophisticated designs to precise individual components and complex assemblies: With us, you get everything from a single source \u2013 reliable, efficient, and precisely tailored.\t\t\t\t<\/div>\n\t\t\t\t\t\t\t<\/div>\n\t\t<\/div>\n\n\t\t\t\t\t\t<\/div>\n\t\t\t\t<\/div>\n\t\t\t\t<div class=\"elementor-element elementor-element-57b3a72 elementor-align-center elementor-widget elementor-widget-button\" data-id=\"57b3a72\" data-element_type=\"widget\" data-e-type=\"widget\" data-widget_type=\"button.default\">\n\t\t\t\t<div class=\"elementor-widget-container\">\n\t\t\t\t\t\t\t\t\t<div class=\"elementor-button-wrapper\">\n\t\t\t\t\t<a class=\"elementor-button elementor-button-link elementor-size-sm\" href=\"http:\/\/www.dtg-metalltechnik.de\" target=\"_blank\">\n\t\t\t\t\t\t<span class=\"elementor-button-content-wrapper\">\n\t\t\t\t\t\t<span class=\"elementor-button-icon\">\n\t\t\t\t\t\t\t<\/span>\n\t\t\t\t\t\t\t\t\t<span class=\"elementor-button-text\">DTG Metal Technology<\/span>\n\t\t\t\t\t<\/span>\n\t\t\t\t\t<\/a>\n\t\t\t\t<\/div>\n\t\t\t\t\t\t\t\t<\/div>\n\t\t\t\t<\/div>\n\t\t\t\t<\/div>\n\t\t<div class=\"elementor-element elementor-element-80afafb e-con-full e-flex e-con e-child\" data-id=\"80afafb\" data-element_type=\"container\" data-e-type=\"container\">\n\t\t\t\t<div class=\"elementor-element elementor-element-e2faee6 elementor-widget elementor-widget-image\" data-id=\"e2faee6\" data-element_type=\"widget\" data-e-type=\"widget\" data-widget_type=\"image.default\">\n\t\t\t\t<div class=\"elementor-widget-container\">\n\t\t\t\t\t\t\t\t\t\t\t\t\t\t\t<img decoding=\"async\" width=\"1000\" height=\"552\" src=\"https:\/\/dtg-industries.de\/wp-content\/uploads\/2025\/09\/011_Logo_Standard_rgb_Oberflaechentechnik_1000.jpg\" class=\"attachment-large size-large wp-image-1437\" alt=\"011 logo standard rgb oberflaechentechnik 1000\" srcset=\"https:\/\/dtg-industries.de\/wp-content\/uploads\/2025\/09\/011_Logo_Standard_rgb_Oberflaechentechnik_1000.jpg 1000w, https:\/\/dtg-industries.de\/wp-content\/uploads\/2025\/09\/011_Logo_Standard_rgb_Oberflaechentechnik_1000-300x166.jpg 300w, https:\/\/dtg-industries.de\/wp-content\/uploads\/2025\/09\/011_Logo_Standard_rgb_Oberflaechentechnik_1000-768x424.jpg 768w, https:\/\/dtg-industries.de\/wp-content\/uploads\/2025\/09\/011_Logo_Standard_rgb_Oberflaechentechnik_1000-18x10.jpg 18w\" sizes=\"(max-width: 1000px) 100vw, 1000px\" title=\"Home\">\t\t\t\t\t\t\t\t\t\t\t\t\t\t\t<\/div>\n\t\t\t\t<\/div>\n\t\t\t\t<div class=\"elementor-element elementor-element-1c646b8 elementor-widget elementor-widget-hfe-infocard\" data-id=\"1c646b8\" data-element_type=\"widget\" data-e-type=\"widget\" data-widget_type=\"hfe-infocard.default\">\n\t\t\t\t<div class=\"elementor-widget-container\">\n\t\t\t\t\t\n\t\t<div class=\"hfe-infocard\">\n\t\t\t\t\t\t\t\t\t<div class=\"hfe-infocard-title-wrap\">\n\t\t\t\t<h5 class=\"hfe-infocard-title elementor-inline-editing\" data-elementor-setting-key=\"infocard_title\" data-elementor-inline-editing-toolbar=\"basic\" >DTG Surface Technology<\/h5>\t\t\t<\/div>\n\t\t\t\t\t\t<div class=\"hfe-infocard-text-wrap\">\n\t\t\t\t<div class=\"hfe-infocard-text elementor-inline-editing\" data-elementor-setting-key=\"infocard_description\" data-elementor-inline-editing-toolbar=\"advanced\">\n\t\t\t\t\tWe add color to metal \u2013 with precision and sophistication. From durable coatings to multicolored components and fine screen printing: We give metal surfaces not only protection but also character.\t\t\t\t<\/div>\n\t\t\t\t\t\t\t<\/div>\n\t\t<\/div>\n\n\t\t\t\t\t\t<\/div>\n\t\t\t\t<\/div>\n\t\t\t\t<div class=\"elementor-element elementor-element-dd7988d elementor-align-center elementor-widget elementor-widget-button\" data-id=\"dd7988d\" data-element_type=\"widget\" data-e-type=\"widget\" data-widget_type=\"button.default\">\n\t\t\t\t<div class=\"elementor-widget-container\">\n\t\t\t\t\t\t\t\t\t<div class=\"elementor-button-wrapper\">\n\t\t\t\t\t<a class=\"elementor-button elementor-button-link elementor-size-sm\" href=\"http:\/\/www.dtg-oberflaechentechnik.de\" target=\"_blank\">\n\t\t\t\t\t\t<span class=\"elementor-button-content-wrapper\">\n\t\t\t\t\t\t<span class=\"elementor-button-icon\">\n\t\t\t\t\t\t\t<\/span>\n\t\t\t\t\t\t\t\t\t<span class=\"elementor-button-text\">DTG Surface Technology<\/span>\n\t\t\t\t\t<\/span>\n\t\t\t\t\t<\/a>\n\t\t\t\t<\/div>\n\t\t\t\t\t\t\t\t<\/div>\n\t\t\t\t<\/div>\n\t\t\t\t<\/div>\n\t\t\t\t<\/div>\n\t\t\t\t<\/div>\n\t\t\t\t\t<\/div>\n\t\t\t\t<\/div>\n\t\t<div class=\"elementor-element elementor-element-37241fe e-flex e-con-boxed e-con e-parent\" data-id=\"37241fe\" data-element_type=\"container\" data-e-type=\"container\">\n\t\t\t\t\t<div class=\"e-con-inner\">\n\t\t\t\t<div class=\"elementor-element elementor-element-f73b27e elementor-widget elementor-widget-heading\" data-id=\"f73b27e\" data-element_type=\"widget\" data-e-type=\"widget\" data-widget_type=\"heading.default\">\n\t\t\t\t<div class=\"elementor-widget-container\">\n\t\t\t\t\t<h2 class=\"elementor-heading-title elementor-size-default\">Visit our websites -<br>We look forward to seeing you<\/h2>\t\t\t\t<\/div>\n\t\t\t\t<\/div>\n\t\t\t\t\t<\/div>\n\t\t\t\t<\/div>\n\t\t\t\t<\/div>","protected":false},"excerpt":{"rendered":"<p>Ihr Partner f\u00fcr komplexe Metallbaugruppen Kontakt Willkommen bei DTG Industries \u2013 Ihrem Partner f\u00fcr ma\u00dfgeschneiderte Metalll\u00f6sungen. Als spezialisierte Unternehmensgruppe entwickeln und fertigen wir anspruchsvolle Metallbaugruppen exakt nach Kundenwunsch. Neben modernster Metallbearbeitung ist auch die professionelle Oberfl\u00e4chenveredelung ein zentraler Bestandteil unseres Leistungsportfolios. Lernen Sie uns kennen! Unsere Unternehmen &#8211; Unsere Marken DTG Metalltechnik by ROBERT SCHULZ [&hellip;]<\/p>\n","protected":false},"author":1,"featured_media":0,"parent":0,"menu_order":1,"comment_status":"closed","ping_status":"closed","template":"","meta":{"site-sidebar-layout":"no-sidebar","site-content-layout":"page-builder","ast-site-content-layout":"full-width-container","site-content-style":"unboxed","site-sidebar-style":"unboxed","ast-global-header-display":"","ast-banner-title-visibility":"","ast-main-header-display":"","ast-hfb-above-header-display":"","ast-hfb-below-header-display":"","ast-hfb-mobile-header-display":"","site-post-title":"disabled","ast-breadcrumbs-content":"","ast-featured-img":"disabled","footer-sml-layout":"","ast-disable-related-posts":"","theme-transparent-header-meta":"enabled","adv-header-id-meta":"","stick-header-meta":"","header-above-stick-meta":"","header-main-stick-meta":"","header-below-stick-meta":"","astra-migrate-meta-layouts":"set","ast-page-background-enabled":"default","ast-page-background-meta":{"desktop":{"background-color":"","background-image":"","background-repeat":"repeat","background-position":"center center","background-size":"auto","background-attachment":"scroll","background-type":"","background-media":"","overlay-type":"","overlay-color":"","overlay-opacity":"","overlay-gradient":""},"tablet":{"background-color":"","background-image":"","background-repeat":"repeat","background-position":"center center","background-size":"auto","background-attachment":"scroll","background-type":"","background-media":"","overlay-type":"","overlay-color":"","overlay-opacity":"","overlay-gradient":""},"mobile":{"background-color":"","background-image":"","background-repeat":"repeat","background-position":"center center","background-size":"auto","background-attachment":"scroll","background-type":"","background-media":"","overlay-type":"","overlay-color":"","overlay-opacity":"","overlay-gradient":""}},"ast-content-background-meta":{"desktop":{"background-color":"var(--ast-global-color-5)","background-image":"","background-repeat":"repeat","background-position":"center center","background-size":"auto","background-attachment":"scroll","background-type":"","background-media":"","overlay-type":"","overlay-color":"","overlay-opacity":"","overlay-gradient":""},"tablet":{"background-color":"var(--ast-global-color-5)","background-image":"","background-repeat":"repeat","background-position":"center center","background-size":"auto","background-attachment":"scroll","background-type":"","background-media":"","overlay-type":"","overlay-color":"","overlay-opacity":"","overlay-gradient":""},"mobile":{"background-color":"var(--ast-global-color-5)","background-image":"","background-repeat":"repeat","background-position":"center center","background-size":"auto","background-attachment":"scroll","background-type":"","background-media":"","overlay-type":"","overlay-color":"","overlay-opacity":"","overlay-gradient":""}},"footnotes":""},"class_list":["post-540","page","type-page","status-publish","hentry"],"yoast_head":"<!-- This site is optimized with the Yoast SEO plugin v27.5 - https:\/\/yoast.com\/product\/yoast-seo-wordpress\/ -->\n<title>Home - DTG Industries<\/title>\n<meta name=\"robots\" content=\"index, follow, max-snippet:-1, max-image-preview:large, max-video-preview:-1\" \/>\n<link rel=\"canonical\" href=\"http:\/\/dtg-industries.de\/en\/\" \/>\n<meta property=\"og:locale\" content=\"en_GB\" \/>\n<meta property=\"og:type\" content=\"article\" \/>\n<meta property=\"og:title\" content=\"Home - DTG Industries\" \/>\n<meta property=\"og:description\" content=\"Ihr Partner f\u00fcr komplexe Metallbaugruppen Kontakt Willkommen bei DTG Industries \u2013 Ihrem Partner f\u00fcr ma\u00dfgeschneiderte Metalll\u00f6sungen. Als spezialisierte Unternehmensgruppe entwickeln und fertigen wir anspruchsvolle Metallbaugruppen exakt nach Kundenwunsch. Neben modernster Metallbearbeitung ist auch die professionelle Oberfl\u00e4chenveredelung ein zentraler Bestandteil unseres Leistungsportfolios. Lernen Sie uns kennen! Unsere Unternehmen &#8211; Unsere Marken DTG Metalltechnik by ROBERT SCHULZ [&hellip;]\" \/>\n<meta property=\"og:url\" content=\"http:\/\/dtg-industries.de\/en\/\" \/>\n<meta property=\"og:site_name\" content=\"DTG Industries\" \/>\n<meta property=\"article:modified_time\" content=\"2025-09-17T20:11:09+00:00\" \/>\n<meta property=\"og:image\" content=\"http:\/\/dtg-industries.de\/wp-content\/uploads\/2025\/09\/022_Logo_Horizontal_Neg_Mittel_rgb_Industries_2000-1024x118.jpg\" \/>\n<meta name=\"twitter:card\" content=\"summary_large_image\" \/>\n<meta name=\"twitter:label1\" content=\"Estimated reading time\" \/>\n\t<meta name=\"twitter:data1\" content=\"2 minutes\" \/>\n<script type=\"application\/ld+json\" class=\"yoast-schema-graph\">{\"@context\":\"https:\\\/\\\/schema.org\",\"@graph\":[{\"@type\":\"WebPage\",\"@id\":\"http:\\\/\\\/dtg-industries.de\\\/\",\"url\":\"http:\\\/\\\/dtg-industries.de\\\/\",\"name\":\"Home - DTG Industries\",\"isPartOf\":{\"@id\":\"http:\\\/\\\/dtg-industries.de\\\/#website\"},\"primaryImageOfPage\":{\"@id\":\"http:\\\/\\\/dtg-industries.de\\\/#primaryimage\"},\"image\":{\"@id\":\"http:\\\/\\\/dtg-industries.de\\\/#primaryimage\"},\"thumbnailUrl\":\"http:\\\/\\\/dtg-industries.de\\\/wp-content\\\/uploads\\\/2025\\\/09\\\/022_Logo_Horizontal_Neg_Mittel_rgb_Industries_2000-1024x118.jpg\",\"datePublished\":\"2025-07-22T09:28:17+00:00\",\"dateModified\":\"2025-09-17T20:11:09+00:00\",\"breadcrumb\":{\"@id\":\"http:\\\/\\\/dtg-industries.de\\\/#breadcrumb\"},\"inLanguage\":\"en-GB\",\"potentialAction\":[{\"@type\":\"ReadAction\",\"target\":[\"http:\\\/\\\/dtg-industries.de\\\/\"]}]},{\"@type\":\"ImageObject\",\"inLanguage\":\"en-GB\",\"@id\":\"http:\\\/\\\/dtg-industries.de\\\/#primaryimage\",\"url\":\"http:\\\/\\\/dtg-industries.de\\\/wp-content\\\/uploads\\\/2025\\\/09\\\/022_Logo_Horizontal_Neg_Mittel_rgb_Industries_2000-1024x118.jpg\",\"contentUrl\":\"http:\\\/\\\/dtg-industries.de\\\/wp-content\\\/uploads\\\/2025\\\/09\\\/022_Logo_Horizontal_Neg_Mittel_rgb_Industries_2000-1024x118.jpg\"},{\"@type\":\"BreadcrumbList\",\"@id\":\"http:\\\/\\\/dtg-industries.de\\\/#breadcrumb\",\"itemListElement\":[{\"@type\":\"ListItem\",\"position\":1,\"name\":\"Startseite\",\"item\":\"http:\\\/\\\/dtg-industries.de\\\/\"},{\"@type\":\"ListItem\",\"position\":2,\"name\":\"Home\"}]},{\"@type\":\"WebSite\",\"@id\":\"http:\\\/\\\/dtg-industries.de\\\/#website\",\"url\":\"http:\\\/\\\/dtg-industries.de\\\/\",\"name\":\"DTG Industries GmbH\",\"description\":\"Ihr Partner f&uuml;r Metallbaugruppen und Oberfl&auml;chenveredelung\",\"publisher\":{\"@id\":\"http:\\\/\\\/dtg-industries.de\\\/#organization\"},\"potentialAction\":[{\"@type\":\"SearchAction\",\"target\":{\"@type\":\"EntryPoint\",\"urlTemplate\":\"http:\\\/\\\/dtg-industries.de\\\/?s={search_term_string}\"},\"query-input\":{\"@type\":\"PropertyValueSpecification\",\"valueRequired\":true,\"valueName\":\"search_term_string\"}}],\"inLanguage\":\"en-GB\"},{\"@type\":\"Organization\",\"@id\":\"http:\\\/\\\/dtg-industries.de\\\/#organization\",\"name\":\"DTG Industries GmbH\",\"url\":\"http:\\\/\\\/dtg-industries.de\\\/\",\"logo\":{\"@type\":\"ImageObject\",\"inLanguage\":\"en-GB\",\"@id\":\"http:\\\/\\\/dtg-industries.de\\\/#\\\/schema\\\/logo\\\/image\\\/\",\"url\":\"http:\\\/\\\/dtg-industries.de\\\/wp-content\\\/uploads\\\/2025\\\/08\\\/cropped-DTG_Industries_Logo-1.jpg\",\"contentUrl\":\"http:\\\/\\\/dtg-industries.de\\\/wp-content\\\/uploads\\\/2025\\\/08\\\/cropped-DTG_Industries_Logo-1.jpg\",\"width\":512,\"height\":512,\"caption\":\"DTG Industries GmbH\"},\"image\":{\"@id\":\"http:\\\/\\\/dtg-industries.de\\\/#\\\/schema\\\/logo\\\/image\\\/\"}}]}<\/script>\n<!-- \/ Yoast SEO plugin. -->","yoast_head_json":{"title":"Home - DTG Industries","robots":{"index":"index","follow":"follow","max-snippet":"max-snippet:-1","max-image-preview":"max-image-preview:large","max-video-preview":"max-video-preview:-1"},"canonical":"http:\/\/dtg-industries.de\/en\/","og_locale":"en_GB","og_type":"article","og_title":"Home - DTG Industries","og_description":"Ihr Partner f\u00fcr komplexe Metallbaugruppen Kontakt Willkommen bei DTG Industries \u2013 Ihrem Partner f\u00fcr ma\u00dfgeschneiderte Metalll\u00f6sungen. Als spezialisierte Unternehmensgruppe entwickeln und fertigen wir anspruchsvolle Metallbaugruppen exakt nach Kundenwunsch. Neben modernster Metallbearbeitung ist auch die professionelle Oberfl\u00e4chenveredelung ein zentraler Bestandteil unseres Leistungsportfolios. Lernen Sie uns kennen! Unsere Unternehmen &#8211; Unsere Marken DTG Metalltechnik by ROBERT SCHULZ [&hellip;]","og_url":"http:\/\/dtg-industries.de\/en\/","og_site_name":"DTG Industries","article_modified_time":"2025-09-17T20:11:09+00:00","og_image":[{"url":"http:\/\/dtg-industries.de\/wp-content\/uploads\/2025\/09\/022_Logo_Horizontal_Neg_Mittel_rgb_Industries_2000-1024x118.jpg","type":"","width":"","height":""}],"twitter_card":"summary_large_image","twitter_misc":{"Estimated reading time":"2 minutes"},"schema":{"@context":"https:\/\/schema.org","@graph":[{"@type":"WebPage","@id":"http:\/\/dtg-industries.de\/","url":"http:\/\/dtg-industries.de\/","name":"Home - DTG Industries","isPartOf":{"@id":"http:\/\/dtg-industries.de\/#website"},"primaryImageOfPage":{"@id":"http:\/\/dtg-industries.de\/#primaryimage"},"image":{"@id":"http:\/\/dtg-industries.de\/#primaryimage"},"thumbnailUrl":"http:\/\/dtg-industries.de\/wp-content\/uploads\/2025\/09\/022_Logo_Horizontal_Neg_Mittel_rgb_Industries_2000-1024x118.jpg","datePublished":"2025-07-22T09:28:17+00:00","dateModified":"2025-09-17T20:11:09+00:00","breadcrumb":{"@id":"http:\/\/dtg-industries.de\/#breadcrumb"},"inLanguage":"en-GB","potentialAction":[{"@type":"ReadAction","target":["http:\/\/dtg-industries.de\/"]}]},{"@type":"ImageObject","inLanguage":"en-GB","@id":"http:\/\/dtg-industries.de\/#primaryimage","url":"http:\/\/dtg-industries.de\/wp-content\/uploads\/2025\/09\/022_Logo_Horizontal_Neg_Mittel_rgb_Industries_2000-1024x118.jpg","contentUrl":"http:\/\/dtg-industries.de\/wp-content\/uploads\/2025\/09\/022_Logo_Horizontal_Neg_Mittel_rgb_Industries_2000-1024x118.jpg"},{"@type":"BreadcrumbList","@id":"http:\/\/dtg-industries.de\/#breadcrumb","itemListElement":[{"@type":"ListItem","position":1,"name":"Startseite","item":"http:\/\/dtg-industries.de\/"},{"@type":"ListItem","position":2,"name":"Home"}]},{"@type":"WebSite","@id":"http:\/\/dtg-industries.de\/#website","url":"http:\/\/dtg-industries.de\/","name":"DTG Industries GmbH","description":"Your partner for metal assemblies and surface finishing","publisher":{"@id":"http:\/\/dtg-industries.de\/#organization"},"potentialAction":[{"@type":"SearchAction","target":{"@type":"EntryPoint","urlTemplate":"http:\/\/dtg-industries.de\/?s={search_term_string}"},"query-input":{"@type":"PropertyValueSpecification","valueRequired":true,"valueName":"search_term_string"}}],"inLanguage":"en-GB"},{"@type":"Organization","@id":"http:\/\/dtg-industries.de\/#organization","name":"DTG Industries GmbH","url":"http:\/\/dtg-industries.de\/","logo":{"@type":"ImageObject","inLanguage":"en-GB","@id":"http:\/\/dtg-industries.de\/#\/schema\/logo\/image\/","url":"http:\/\/dtg-industries.de\/wp-content\/uploads\/2025\/08\/cropped-DTG_Industries_Logo-1.jpg","contentUrl":"http:\/\/dtg-industries.de\/wp-content\/uploads\/2025\/08\/cropped-DTG_Industries_Logo-1.jpg","width":512,"height":512,"caption":"DTG Industries GmbH"},"image":{"@id":"http:\/\/dtg-industries.de\/#\/schema\/logo\/image\/"}}]}},"_links":{"self":[{"href":"http:\/\/dtg-industries.de\/en\/wp-json\/wp\/v2\/pages\/540","targetHints":{"allow":["GET"]}}],"collection":[{"href":"http:\/\/dtg-industries.de\/en\/wp-json\/wp\/v2\/pages"}],"about":[{"href":"http:\/\/dtg-industries.de\/en\/wp-json\/wp\/v2\/types\/page"}],"author":[{"embeddable":true,"href":"http:\/\/dtg-industries.de\/en\/wp-json\/wp\/v2\/users\/1"}],"replies":[{"embeddable":true,"href":"http:\/\/dtg-industries.de\/en\/wp-json\/wp\/v2\/comments?post=540"}],"version-history":[{"count":82,"href":"http:\/\/dtg-industries.de\/en\/wp-json\/wp\/v2\/pages\/540\/revisions"}],"predecessor-version":[{"id":1494,"href":"http:\/\/dtg-industries.de\/en\/wp-json\/wp\/v2\/pages\/540\/revisions\/1494"}],"wp:attachment":[{"href":"http:\/\/dtg-industries.de\/en\/wp-json\/wp\/v2\/media?parent=540"}],"curies":[{"name":"wp","href":"https:\/\/api.w.org\/{rel}","templated":true}]}}